{"id":372,"date":"2025-07-02T13:38:24","date_gmt":"2025-07-02T13:38:24","guid":{"rendered":"https:\/\/clubnautiquerdl.ca\/?page_id=372"},"modified":"2025-07-02T13:38:25","modified_gmt":"2025-07-02T13:38:25","slug":"quest-ce-quun-port-dechouage","status":"publish","type":"page","link":"https:\/\/clubnautiquerdl.ca\/?page_id=372","title":{"rendered":"Qu&#8217;est-ce qu&#8217;un port d&#8217;\u00e9chouage?"},"content":{"rendered":"\n<h3 class=\"wp-block-heading\">C\u2019est une <strong>marina construite dans une zone \u00e0 fort marnage<\/strong> (grande diff\u00e9rence entre mar\u00e9e haute et basse), o\u00f9 <strong>l\u2019eau se retire compl\u00e8tement \u00e0 mar\u00e9e basse<\/strong>, laissant les bateaux <strong>\u00e9chou\u00e9s sur le fond<\/strong> (g\u00e9n\u00e9ralement de la vase ou un radier en b\u00e9ton)<\/h3>\n\n\n\n<figure class=\"wp-block-image size-large is-resized\"><img loading=\"lazy\" decoding=\"async\" width=\"1024\" height=\"768\" src=\"https:\/\/clubnautiquerdl.ca\/wp-content\/uploads\/2025\/04\/20220726_203611-1024x768.jpg\" alt=\"\" class=\"wp-image-287\" style=\"width:440px;height:auto\" srcset=\"https:\/\/clubnautiquerdl.ca\/wp-content\/uploads\/2025\/04\/20220726_203611-1024x768.jpg 1024w, https:\/\/clubnautiquerdl.ca\/wp-content\/uploads\/2025\/04\/20220726_203611-300x225.jpg 300w, https:\/\/clubnautiquerdl.ca\/wp-content\/uploads\/2025\/04\/20220726_203611-768x576.jpg 768w, https:\/\/clubnautiquerdl.ca\/wp-content\/uploads\/2025\/04\/20220726_203611.jpg 1360w\" sizes=\"auto, (max-width: 1024px) 100vw, 1024px\" \/><figcaption class=\"wp-element-caption\">Marina de Rivi\u00e8re-du-Loup \u00e0 mar\u00e9e basse.<\/figcaption><\/figure>\n\n\n\n<p>Pour connaitre les intervalles o\u00f9 il y a assez d&#8217;eau pour votre tirant d&#8217;eau, vous pouvez utiliser l&#8217;application suivante :<\/p>\n\n\n\n<p><a href=\"https:\/\/clubnautiquerdl.ca\/maree\">https:\/\/clubnautiquerdl.ca\/maree<\/a><\/p>\n\n\n\n<p><\/p>\n","protected":false},"excerpt":{"rendered":"<p>C\u2019est une marina construite dans une zone \u00e0 fort marnage (grande diff\u00e9rence entre mar\u00e9e haute et basse), o\u00f9 l\u2019eau se retire compl\u00e8tement \u00e0 mar\u00e9e basse, laissant les bateaux \u00e9chou\u00e9s sur le fond (g\u00e9n\u00e9ralement de la vase ou un radier en b\u00e9ton) Pour connaitre les intervalles o\u00f9 il y a assez [&hellip;]<\/p>\n","protected":false},"author":1,"featured_media":0,"parent":0,"menu_order":0,"comment_status":"closed","ping_status":"closed","template":"","meta":{"footnotes":""},"class_list":["post-372","page","type-page","status-publish","hentry"],"_links":{"self":[{"href":"https:\/\/clubnautiquerdl.ca\/index.php?rest_route=\/wp\/v2\/pages\/372","targetHints":{"allow":["GET"]}}],"collection":[{"href":"https:\/\/clubnautiquerdl.ca\/index.php?rest_route=\/wp\/v2\/pages"}],"about":[{"href":"https:\/\/clubnautiquerdl.ca\/index.php?rest_route=\/wp\/v2\/types\/page"}],"author":[{"embeddable":true,"href":"https:\/\/clubnautiquerdl.ca\/index.php?rest_route=\/wp\/v2\/users\/1"}],"replies":[{"embeddable":true,"href":"https:\/\/clubnautiquerdl.ca\/index.php?rest_route=%2Fwp%2Fv2%2Fcomments&post=372"}],"version-history":[{"count":1,"href":"https:\/\/clubnautiquerdl.ca\/index.php?rest_route=\/wp\/v2\/pages\/372\/revisions"}],"predecessor-version":[{"id":373,"href":"https:\/\/clubnautiquerdl.ca\/index.php?rest_route=\/wp\/v2\/pages\/372\/revisions\/373"}],"wp:attachment":[{"href":"https:\/\/clubnautiquerdl.ca\/index.php?rest_route=%2Fwp%2Fv2%2Fmedia&parent=372"}],"curies":[{"name":"wp","href":"https:\/\/api.w.org\/{rel}","templated":true}]}}