{"id":307,"date":"2025-07-02T14:04:26","date_gmt":"2025-07-02T14:04:26","guid":{"rendered":"https:\/\/clubnautiquerdl.ca\/?page_id=307"},"modified":"2025-07-02T14:40:42","modified_gmt":"2025-07-02T14:40:42","slug":"visiteurs","status":"publish","type":"page","link":"https:\/\/clubnautiquerdl.ca\/?page_id=307","title":{"rendered":"Visiteurs"},"content":{"rendered":"\n<p>Merci de votre int\u00e9r\u00eat \u00e0 visiter notre r\u00e9gion. <\/p>\n\n\n\n<p>N&#8217;oubliez pas que notre marina est un port d&#8217;\u00e9chouage. Pour plus d&#8217;information, <a href=\"https:\/\/clubnautiquerdl.ca\/?page_id=372\" data-type=\"page\" data-id=\"372\">cliquez ici.<\/a><\/p>\n\n\n\n<p>Malgr\u00e9 l&#8217;envasement de la marina, elle vous apporte protection, tranquilit\u00e9 et un environment amical.<\/p>\n\n\n\n<p>Des emplacements visiteurs sont identifi\u00e9s et sont situ\u00e9 \u00e0 cot\u00e9 de la passerelle.<\/p>\n\n\n\n<figure class=\"wp-block-image size-large is-resized\"><img loading=\"lazy\" decoding=\"async\" width=\"1024\" height=\"518\" src=\"https:\/\/clubnautiquerdl.ca\/wp-content\/uploads\/2025\/04\/marina-visiteur-1024x518.jpg\" alt=\"\" class=\"wp-image-308\" style=\"width:400px\" srcset=\"https:\/\/clubnautiquerdl.ca\/wp-content\/uploads\/2025\/04\/marina-visiteur-1024x518.jpg 1024w, https:\/\/clubnautiquerdl.ca\/wp-content\/uploads\/2025\/04\/marina-visiteur-300x152.jpg 300w, https:\/\/clubnautiquerdl.ca\/wp-content\/uploads\/2025\/04\/marina-visiteur-768x389.jpg 768w, https:\/\/clubnautiquerdl.ca\/wp-content\/uploads\/2025\/04\/marina-visiteur.jpg 1233w\" sizes=\"auto, (max-width: 1024px) 100vw, 1024px\" \/><\/figure>\n\n\n\n<p>Pour r\u00e9server un quai comme visiteur, remplir le formulaire suivant :<\/p>\n\n\n\n<div class=\"wpcf7 no-js\" id=\"wpcf7-f378-o1\" lang=\"fr-FR\" dir=\"ltr\" data-wpcf7-id=\"378\">\n<div class=\"screen-reader-response\"><p role=\"status\" aria-live=\"polite\" aria-atomic=\"true\"><\/p> <ul><\/ul><\/div>\n<form action=\"\/index.php?rest_route=%2Fwp%2Fv2%2Fpages%2F307#wpcf7-f378-o1\" method=\"post\" class=\"wpcf7-form init\" aria-label=\"Formulaire de contact\" novalidate=\"novalidate\" data-status=\"init\">\n<div style=\"display: none;\">\n<input type=\"hidden\" name=\"_wpcf7\" value=\"378\" \/>\n<input type=\"hidden\" name=\"_wpcf7_version\" value=\"6.0.6\" \/>\n<input type=\"hidden\" name=\"_wpcf7_locale\" value=\"fr_FR\" \/>\n<input type=\"hidden\" name=\"_wpcf7_unit_tag\" value=\"wpcf7-f378-o1\" \/>\n<input type=\"hidden\" name=\"_wpcf7_container_post\" value=\"0\" \/>\n<input type=\"hidden\" name=\"_wpcf7_posted_data_hash\" value=\"\" \/>\n<\/div>\n<p><label> Votre nom<br \/>\n<span class=\"wpcf7-form-control-wrap\" data-name=\"your-name\"><input size=\"40\" maxlength=\"400\" class=\"wpcf7-form-control wpcf7-text wpcf7-validates-as-required\" autocomplete=\"name\" aria-required=\"true\" aria-invalid=\"false\" value=\"\" type=\"text\" name=\"your-name\" \/><\/span> <\/label>\n<\/p>\n<p><label> Nom du bateau<br \/>\n<span class=\"wpcf7-form-control-wrap\" data-name=\"text-nombateau\"><input size=\"40\" maxlength=\"400\" class=\"wpcf7-form-control wpcf7-text\" aria-invalid=\"false\" value=\"\" type=\"text\" name=\"text-nombateau\" \/><\/span> <\/label>\n<\/p>\n<p><label> Type du bateau (Voilier, Moteur, etc)<br \/>\n<span class=\"wpcf7-form-control-wrap\" data-name=\"typebateau\"><input size=\"40\" maxlength=\"400\" class=\"wpcf7-form-control wpcf7-text\" aria-invalid=\"false\" value=\"\" type=\"text\" name=\"typebateau\" \/><\/span> <\/label>\n<\/p>\n<p><label> Longueur du bateau<br \/>\n<span class=\"wpcf7-form-control-wrap\" data-name=\"longueur\"><input class=\"wpcf7-form-control wpcf7-number wpcf7-validates-as-number\" min=\"20\" max=\"40\" aria-invalid=\"false\" value=\"\" type=\"number\" name=\"longueur\" \/><\/span> <\/label>\n<\/p>\n<p><label> Votre e-mail<br \/>\n<span class=\"wpcf7-form-control-wrap\" data-name=\"your-email\"><input size=\"40\" maxlength=\"400\" class=\"wpcf7-form-control wpcf7-email wpcf7-validates-as-required wpcf7-text wpcf7-validates-as-email\" autocomplete=\"email\" aria-required=\"true\" aria-invalid=\"false\" value=\"\" type=\"email\" name=\"your-email\" \/><\/span> <\/label>\n<\/p>\n<p><label> Date d'arriv\u00e9e<br \/>\n<span class=\"wpcf7-form-control-wrap\" data-name=\"arrive\"><input class=\"wpcf7-form-control wpcf7-date wpcf7-validates-as-date\" min=\"2025-07-02\" max=\"2025-10-01\" aria-invalid=\"false\" value=\"\" type=\"date\" name=\"arrive\" \/><\/span> <\/label>\n<\/p>\n<p><label> Nombre de nuit<br \/>\n<span class=\"wpcf7-form-control-wrap\" data-name=\"nombrenuit\"><input class=\"wpcf7-form-control wpcf7-number wpcf7-validates-as-number\" min=\"1\" max=\"10\" aria-invalid=\"false\" value=\"1\" type=\"number\" name=\"nombrenuit\" \/><\/span> <\/label>\n<\/p>\n<p><label> Votre message (facultatif)<br \/>\n<span class=\"wpcf7-form-control-wrap\" data-name=\"your-message\"><textarea cols=\"40\" rows=\"10\" maxlength=\"2000\" class=\"wpcf7-form-control wpcf7-textarea\" aria-invalid=\"false\" name=\"your-message\"><\/textarea><\/span> <\/label>\n<\/p>\n<p><input class=\"wpcf7-form-control wpcf7-submit has-spinner\" type=\"submit\" value=\"Envoyer\" \/>\n<\/p><p style=\"display: none !important;\" class=\"akismet-fields-container\" data-prefix=\"_wpcf7_ak_\"><label>&#916;<textarea name=\"_wpcf7_ak_hp_textarea\" cols=\"45\" rows=\"8\" maxlength=\"100\"><\/textarea><\/label><input type=\"hidden\" id=\"ak_js_1\" name=\"_wpcf7_ak_js\" value=\"183\"\/><script>document.getElementById( \"ak_js_1\" ).setAttribute( \"value\", ( new Date() ).getTime() );<\/script><\/p><div class=\"wpcf7-response-output\" aria-hidden=\"true\"><\/div>\n<\/form>\n<\/div>\n\n","protected":false},"excerpt":{"rendered":"<p>Merci de votre int\u00e9r\u00eat \u00e0 visiter notre r\u00e9gion. N&#8217;oubliez pas que notre marina est un port d&#8217;\u00e9chouage. Pour plus d&#8217;information, cliquez ici. Malgr\u00e9 l&#8217;envasement de la marina, elle vous apporte protection, tranquilit\u00e9 et un environment amical. Des emplacements visiteurs sont identifi\u00e9s et sont situ\u00e9 \u00e0 cot\u00e9 de la passerelle. Pour [&hellip;]<\/p>\n","protected":false},"author":1,"featured_media":0,"parent":0,"menu_order":0,"comment_status":"closed","ping_status":"closed","template":"","meta":{"footnotes":""},"class_list":["post-307","page","type-page","status-publish","hentry"],"_links":{"self":[{"href":"https:\/\/clubnautiquerdl.ca\/index.php?rest_route=\/wp\/v2\/pages\/307","targetHints":{"allow":["GET"]}}],"collection":[{"href":"https:\/\/clubnautiquerdl.ca\/index.php?rest_route=\/wp\/v2\/pages"}],"about":[{"href":"https:\/\/clubnautiquerdl.ca\/index.php?rest_route=\/wp\/v2\/types\/page"}],"author":[{"embeddable":true,"href":"https:\/\/clubnautiquerdl.ca\/index.php?rest_route=\/wp\/v2\/users\/1"}],"replies":[{"embeddable":true,"href":"https:\/\/clubnautiquerdl.ca\/index.php?rest_route=%2Fwp%2Fv2%2Fcomments&post=307"}],"version-history":[{"count":5,"href":"https:\/\/clubnautiquerdl.ca\/index.php?rest_route=\/wp\/v2\/pages\/307\/revisions"}],"predecessor-version":[{"id":384,"href":"https:\/\/clubnautiquerdl.ca\/index.php?rest_route=\/wp\/v2\/pages\/307\/revisions\/384"}],"wp:attachment":[{"href":"https:\/\/clubnautiquerdl.ca\/index.php?rest_route=%2Fwp%2Fv2%2Fmedia&parent=307"}],"curies":[{"name":"wp","href":"https:\/\/api.w.org\/{rel}","templated":true}]}}