{"id":23,"date":"2021-07-14T15:18:49","date_gmt":"2021-07-14T15:18:49","guid":{"rendered":"http:\/\/clubnautiquerdl.ca\/?page_id=23"},"modified":"2025-04-12T17:42:38","modified_gmt":"2025-04-12T17:42:38","slug":"blog","status":"publish","type":"page","link":"https:\/\/clubnautiquerdl.ca\/?page_id=23","title":{"rendered":"Histoire"},"content":{"rendered":"\n<p class=\"has-medium-font-size\">Le Club de Yatch\u00b9 de Rivi\u00e8re-du- Loup a \u00e9t\u00e9 mis sur pied en 1953 par messieurs Albert Wells, Achille Chartier, Ed. Th\u00e9riault et Jacques Plante. Il a \u00e9t\u00e9 incorpor\u00e9 en 1956.<br><br>En 1957 et 1958, des d\u00e9parts de r\u00e9gates de bateaux \u00e0 moteur sont donn\u00e9s au lieu appel\u00e9 autrefois \u00able Hameau\u00bb qui correspond aujourd\u2019hui \u00e0 l\u2019emplacement de la gare maritime du Trans Saint-Laurent. On y fait aussi des d\u00e9monstrations de ski nautique.<\/p>\n\n\n\n<figure class=\"wp-block-image size-large\"><img loading=\"lazy\" decoding=\"async\" width=\"1024\" height=\"875\" src=\"https:\/\/clubnautiquerdl.ca\/wp-content\/uploads\/2021\/07\/1-Quai-Narcisse-1024x875.jpg\" alt=\"\" class=\"wp-image-27\" srcset=\"https:\/\/clubnautiquerdl.ca\/wp-content\/uploads\/2021\/07\/1-Quai-Narcisse-1024x875.jpg 1024w, https:\/\/clubnautiquerdl.ca\/wp-content\/uploads\/2021\/07\/1-Quai-Narcisse-300x256.jpg 300w, https:\/\/clubnautiquerdl.ca\/wp-content\/uploads\/2021\/07\/1-Quai-Narcisse-768x657.jpg 768w, https:\/\/clubnautiquerdl.ca\/wp-content\/uploads\/2021\/07\/1-Quai-Narcisse.jpg 1151w\" sizes=\"auto, (max-width: 1024px) 100vw, 1024px\" \/><figcaption class=\"wp-element-caption\">Les embarcations de la Garde c\u00f4ti\u00e8re canadienne accost\u00e9es au quai Narcisse en 1969.<br>Fonds Ren\u00e9 Marmen- Mus\u00e9e du Bas-Saint- Laurent<\/figcaption><\/figure>\n\n\n\n<p class=\"has-medium-font-size\">Le club naissant installe ses appontements dans la rivi\u00e8re du Loup sur le quai Narcisse. En 1959, il r\u00e9cup\u00e8re la go\u00e9lette Tadoussac Transport pour y loger sa capitainerie. Un chalet&nbsp; emplace la go\u00e9lette en 1964. En 1968, la construction d\u2019un pont au-dessus de la rivi\u00e8re pour faire passer&nbsp;l\u2019autoroute 20 entrave la navigation de plaisance. Un comit\u00e9 de membres s\u2019entend avec les propri\u00e9taires du Parc de l\u2019Ancrage afin d\u2019am\u00e9nager un site d\u2019accueil temporaire en&nbsp; reusant un bassin dans la berge. Le Club de Yatch s\u00e9journera de 1969 \u00e0 1972. Les vestiges de ce bassin sont encore visibles&nbsp;derri\u00e8re la boutique de No\u00ebl au Ch\u00e2teau.<\/p>\n\n\n\n<p class=\"has-medium-font-size\">En 1972, le gouvernement f\u00e9d\u00e9ral accepte de compenser le Club de Yacht de la perte d\u2019usage g\u00e9n\u00e9r\u00e9e par le pont sur l\u2019autoroute 20 en construisant un brise-lames \u00e0 l\u2019est du quai de la Pointe, ainsi qu\u2019une rampe de mise \u00e0 l\u2019eau. C\u2019est dans ce nouveau bassin que s\u2019installe le Club de Yacht de Rivi\u00e8re-du-Loup.<\/p>\n\n\n\n<figure class=\"wp-block-image size-large\"><img loading=\"lazy\" decoding=\"async\" width=\"1024\" height=\"730\" src=\"https:\/\/clubnautiquerdl.ca\/wp-content\/uploads\/2021\/07\/3-r\u00aegate-de-bateaux-a-moteur-2-1024x730.jpg\" alt=\"\" class=\"wp-image-32\" srcset=\"https:\/\/clubnautiquerdl.ca\/wp-content\/uploads\/2021\/07\/3-r\u00aegate-de-bateaux-a-moteur-2-1024x730.jpg 1024w, https:\/\/clubnautiquerdl.ca\/wp-content\/uploads\/2021\/07\/3-r\u00aegate-de-bateaux-a-moteur-2-300x214.jpg 300w, https:\/\/clubnautiquerdl.ca\/wp-content\/uploads\/2021\/07\/3-r\u00aegate-de-bateaux-a-moteur-2-768x548.jpg 768w, https:\/\/clubnautiquerdl.ca\/wp-content\/uploads\/2021\/07\/3-r\u00aegate-de-bateaux-a-moteur-2-1536x1096.jpg 1536w, https:\/\/clubnautiquerdl.ca\/wp-content\/uploads\/2021\/07\/3-r\u00aegate-de-bateaux-a-moteur-2.jpg 2002w\" sizes=\"auto, (max-width: 1024px) 100vw, 1024px\" \/><figcaption class=\"wp-element-caption\">Couse bateau \u00e0 moteur<\/figcaption><\/figure>\n\n\n\n<p class=\"has-medium-font-size\">L\u2019Escadrille canadienne de plaisance de Rivi\u00e8re-du- Loup est fond\u00e9e en&nbsp;1974.&nbsp; Dans les ann\u00e9es 1970, le bassin de plaisance de Rivi\u00e8re-du- Loup accueille les concurrents des r\u00e9gates dites Triangles organis\u00e9es par le Yacht Club de Qu\u00e9bec. En 1990, la petite capitainerie situ\u00e9e au sud de la rampe d\u2019embarquement est&nbsp;remplac\u00e9e par un nouveau b\u00e2timent situ\u00e9 \u00e0 l\u2019est du bassin.<\/p>\n\n\n\n<figure class=\"wp-block-image size-large\"><img loading=\"lazy\" decoding=\"async\" width=\"1024\" height=\"687\" src=\"https:\/\/clubnautiquerdl.ca\/wp-content\/uploads\/2021\/07\/4-R\u00aegate-voiliers-2-1024x687.jpg\" alt=\"\" class=\"wp-image-33\" srcset=\"https:\/\/clubnautiquerdl.ca\/wp-content\/uploads\/2021\/07\/4-R\u00aegate-voiliers-2-1024x687.jpg 1024w, https:\/\/clubnautiquerdl.ca\/wp-content\/uploads\/2021\/07\/4-R\u00aegate-voiliers-2-300x201.jpg 300w, https:\/\/clubnautiquerdl.ca\/wp-content\/uploads\/2021\/07\/4-R\u00aegate-voiliers-2-768x515.jpg 768w, https:\/\/clubnautiquerdl.ca\/wp-content\/uploads\/2021\/07\/4-R\u00aegate-voiliers-2-1536x1030.jpg 1536w, https:\/\/clubnautiquerdl.ca\/wp-content\/uploads\/2021\/07\/4-R\u00aegate-voiliers-2-2048x1374.jpg 2048w\" sizes=\"auto, (max-width: 1024px) 100vw, 1024px\" \/><figcaption class=\"wp-element-caption\">Course de voile<\/figcaption><\/figure>\n\n\n\n<p>.\u00b9 La d\u00e9nomination \u00abYatch\u00bb au lieu de Yacht est bien consign\u00e9e telle quel dans l\u2019acte d\u2019incorporation.<\/p>\n\n\n\n<p><\/p>\n","protected":false},"excerpt":{"rendered":"<p>Le Club de Yatch\u00b9 de Rivi\u00e8re-du- Loup a \u00e9t\u00e9 mis sur pied en 1953 par messieurs Albert Wells, Achille Chartier, Ed. Th\u00e9riault et Jacques Plante. Il a \u00e9t\u00e9 incorpor\u00e9 en 1956. En 1957 et 1958, des d\u00e9parts de r\u00e9gates de bateaux \u00e0 moteur sont donn\u00e9s au lieu appel\u00e9 autrefois \u00able [&hellip;]<\/p>\n","protected":false},"author":1,"featured_media":0,"parent":0,"menu_order":0,"comment_status":"closed","ping_status":"closed","template":"","meta":{"footnotes":""},"class_list":["post-23","page","type-page","status-publish","hentry"],"_links":{"self":[{"href":"https:\/\/clubnautiquerdl.ca\/index.php?rest_route=\/wp\/v2\/pages\/23","targetHints":{"allow":["GET"]}}],"collection":[{"href":"https:\/\/clubnautiquerdl.ca\/index.php?rest_route=\/wp\/v2\/pages"}],"about":[{"href":"https:\/\/clubnautiquerdl.ca\/index.php?rest_route=\/wp\/v2\/types\/page"}],"author":[{"embeddable":true,"href":"https:\/\/clubnautiquerdl.ca\/index.php?rest_route=\/wp\/v2\/users\/1"}],"replies":[{"embeddable":true,"href":"https:\/\/clubnautiquerdl.ca\/index.php?rest_route=%2Fwp%2Fv2%2Fcomments&post=23"}],"version-history":[{"count":6,"href":"https:\/\/clubnautiquerdl.ca\/index.php?rest_route=\/wp\/v2\/pages\/23\/revisions"}],"predecessor-version":[{"id":337,"href":"https:\/\/clubnautiquerdl.ca\/index.php?rest_route=\/wp\/v2\/pages\/23\/revisions\/337"}],"wp:attachment":[{"href":"https:\/\/clubnautiquerdl.ca\/index.php?rest_route=%2Fwp%2Fv2%2Fmedia&parent=23"}],"curies":[{"name":"wp","href":"https:\/\/api.w.org\/{rel}","templated":true}]}}