{"id":22,"date":"2021-07-14T15:18:49","date_gmt":"2021-07-14T15:18:49","guid":{"rendered":"http:\/\/clubnautiquerdl.ca\/?page_id=22"},"modified":"2025-04-13T22:31:06","modified_gmt":"2025-04-13T22:31:06","slug":"accueil","status":"publish","type":"page","link":"https:\/\/clubnautiquerdl.ca\/?page_id=22","title":{"rendered":"Bienvenue"},"content":{"rendered":"\n<div class=\"wp-block-columns is-layout-flex wp-container-core-columns-is-layout-9d6595d7 wp-block-columns-is-layout-flex\">\n<div class=\"wp-block-column is-layout-flow wp-block-column-is-layout-flow\" style=\"flex-basis:100%\"><ul class=\"wp-block-latest-posts__list is-grid columns-2 aligncenter wp-block-latest-posts\"><li><div class=\"wp-block-latest-posts__featured-image alignleft\"><img loading=\"lazy\" decoding=\"async\" width=\"300\" height=\"225\" src=\"https:\/\/clubnautiquerdl.ca\/wp-content\/uploads\/2025\/04\/IMG_1181-300x225.jpg\" class=\"attachment-medium size-medium wp-post-image\" alt=\"\" style=\"max-width:225px;max-height:225px;\" srcset=\"https:\/\/clubnautiquerdl.ca\/wp-content\/uploads\/2025\/04\/IMG_1181-300x225.jpg 300w, https:\/\/clubnautiquerdl.ca\/wp-content\/uploads\/2025\/04\/IMG_1181-1024x768.jpg 1024w, https:\/\/clubnautiquerdl.ca\/wp-content\/uploads\/2025\/04\/IMG_1181-768x576.jpg 768w, https:\/\/clubnautiquerdl.ca\/wp-content\/uploads\/2025\/04\/IMG_1181.jpg 1360w\" sizes=\"auto, (max-width: 300px) 100vw, 300px\" \/><\/div><a class=\"wp-block-latest-posts__post-title\" href=\"https:\/\/clubnautiquerdl.ca\/?p=385\">Place saison 2026<\/a><div class=\"wp-block-latest-posts__post-excerpt\">Il nous reste encore quelques places pour la saison 2026! Pour information, nous contacter par ce formulaire.<\/div><\/li>\n<li><div class=\"wp-block-latest-posts__featured-image alignleft\"><img loading=\"lazy\" decoding=\"async\" width=\"300\" height=\"225\" src=\"https:\/\/clubnautiquerdl.ca\/wp-content\/uploads\/2025\/04\/20220726_203611-300x225.jpg\" class=\"attachment-medium size-medium wp-post-image\" alt=\"\" style=\"max-width:225px;max-height:225px;\" srcset=\"https:\/\/clubnautiquerdl.ca\/wp-content\/uploads\/2025\/04\/20220726_203611-300x225.jpg 300w, https:\/\/clubnautiquerdl.ca\/wp-content\/uploads\/2025\/04\/20220726_203611-1024x768.jpg 1024w, https:\/\/clubnautiquerdl.ca\/wp-content\/uploads\/2025\/04\/20220726_203611-768x576.jpg 768w, https:\/\/clubnautiquerdl.ca\/wp-content\/uploads\/2025\/04\/20220726_203611.jpg 1360w\" sizes=\"auto, (max-width: 300px) 100vw, 300px\" \/><\/div><a class=\"wp-block-latest-posts__post-title\" href=\"https:\/\/clubnautiquerdl.ca\/?p=375\">Port d&#8217;\u00e9chouage<\/a><div class=\"wp-block-latest-posts__post-excerpt\">Avant de planifier votre visite, il est important de noter que la marina est un port d&#8217;\u00e9chouage et qu&#8217;il n&#8217;y a pas d&#8217;eau \u00e0 mar\u00e9e basse. Si vous voulez en savoir plus sur les ports d&#8217;\u00e9chouages, cliquer ici.<\/div><\/li>\n<\/ul><\/div>\n<\/div>\n","protected":false},"excerpt":{"rendered":"","protected":false},"author":1,"featured_media":0,"parent":0,"menu_order":0,"comment_status":"closed","ping_status":"closed","template":"","meta":{"footnotes":""},"class_list":["post-22","page","type-page","status-publish","hentry"],"_links":{"self":[{"href":"https:\/\/clubnautiquerdl.ca\/index.php?rest_route=\/wp\/v2\/pages\/22","targetHints":{"allow":["GET"]}}],"collection":[{"href":"https:\/\/clubnautiquerdl.ca\/index.php?rest_route=\/wp\/v2\/pages"}],"about":[{"href":"https:\/\/clubnautiquerdl.ca\/index.php?rest_route=\/wp\/v2\/types\/page"}],"author":[{"embeddable":true,"href":"https:\/\/clubnautiquerdl.ca\/index.php?rest_route=\/wp\/v2\/users\/1"}],"replies":[{"embeddable":true,"href":"https:\/\/clubnautiquerdl.ca\/index.php?rest_route=%2Fwp%2Fv2%2Fcomments&post=22"}],"version-history":[{"count":12,"href":"https:\/\/clubnautiquerdl.ca\/index.php?rest_route=\/wp\/v2\/pages\/22\/revisions"}],"predecessor-version":[{"id":360,"href":"https:\/\/clubnautiquerdl.ca\/index.php?rest_route=\/wp\/v2\/pages\/22\/revisions\/360"}],"wp:attachment":[{"href":"https:\/\/clubnautiquerdl.ca\/index.php?rest_route=%2Fwp%2Fv2%2Fmedia&parent=22"}],"curies":[{"name":"wp","href":"https:\/\/api.w.org\/{rel}","templated":true}]}}